{"id":1392,"date":"2024-03-29T08:47:55","date_gmt":"2024-03-29T07:47:55","guid":{"rendered":"http:\/\/airdesvosges.fr\/?page_id=1392"},"modified":"2025-10-03T08:48:20","modified_gmt":"2025-10-03T06:48:20","slug":"le-florival","status":"publish","type":"page","link":"http:\/\/airdesvosges.fr\/index.php\/le-florival\/","title":{"rendered":"Florival"},"content":{"rendered":"\t\t<div data-elementor-type=\"wp-page\" data-elementor-id=\"1392\" class=\"elementor elementor-1392\">\n\t\t\t\t<div class=\"elementor-element elementor-element-c67cf12 e-flex e-con-boxed e-con e-parent\" data-id=\"c67cf12\" data-element_type=\"container\">\n\t\t\t\t\t<div class=\"e-con-inner\">\n\t\t\t\t<div class=\"elementor-element elementor-element-6e332a5 elementor-widget elementor-widget-spacer\" data-id=\"6e332a5\" data-element_type=\"widget\" data-widget_type=\"spacer.default\">\n\t\t\t\t<div class=\"elementor-widget-container\">\n\t\t\t\t\t\t\t<div class=\"elementor-spacer\">\n\t\t\t<div class=\"elementor-spacer-inner\"><\/div>\n\t\t<\/div>\n\t\t\t\t\t\t<\/div>\n\t\t\t\t<\/div>\n\t\t\t\t\t<\/div>\n\t\t\t\t<\/div>\n\t\t<div class=\"elementor-element elementor-element-9faebe2 e-flex e-con-boxed e-con e-parent\" data-id=\"9faebe2\" data-element_type=\"container\">\n\t\t\t\t\t<div class=\"e-con-inner\">\n\t\t\t\t<div class=\"elementor-element elementor-element-e433913 elementor-widget elementor-widget-heading\" data-id=\"e433913\" data-element_type=\"widget\" data-widget_type=\"heading.default\">\n\t\t\t\t<div class=\"elementor-widget-container\">\n\t\t\t\t\t<h2 class=\"elementor-heading-title elementor-size-default\">Florival<\/h2>\t\t\t\t<\/div>\n\t\t\t\t<\/div>\n\t\t\t\t\t<\/div>\n\t\t\t\t<\/div>\n\t\t<div class=\"elementor-element elementor-element-79e3337 e-flex e-con-boxed e-con e-parent\" data-id=\"79e3337\" data-element_type=\"container\">\n\t\t\t\t\t<div class=\"e-con-inner\">\n\t\t\t\t<div class=\"elementor-element elementor-element-892521f elementor-widget-divider--view-line elementor-widget elementor-widget-divider\" data-id=\"892521f\" data-element_type=\"widget\" data-widget_type=\"divider.default\">\n\t\t\t\t<div class=\"elementor-widget-container\">\n\t\t\t\t\t\t\t<div class=\"elementor-divider\">\n\t\t\t<span class=\"elementor-divider-separator\">\n\t\t\t\t\t\t<\/span>\n\t\t<\/div>\n\t\t\t\t\t\t<\/div>\n\t\t\t\t<\/div>\n\t\t\t\t\t<\/div>\n\t\t\t\t<\/div>\n\t\t<div class=\"elementor-element elementor-element-0838c83 e-flex e-con-boxed e-con e-parent\" data-id=\"0838c83\" data-element_type=\"container\">\n\t\t\t\t\t<div class=\"e-con-inner\">\n\t\t\t\t<div class=\"elementor-element elementor-element-9f162c9 elementor-widget elementor-widget-text-editor\" data-id=\"9f162c9\" data-element_type=\"widget\" data-widget_type=\"text-editor.default\">\n\t\t\t\t<div class=\"elementor-widget-container\">\n\t\t\t\t\t\t\t\t\t<div dir=\"ltr\"><p>AIR DES VOSGES est d\u00e9sormais heureux de vous accueillir \u00e0 FLORIVAL, au domaine des Grands Pr\u00e9s.<br \/>Situ\u00e9 en pleine nature, Florival est id\u00e9al pour se ressourcer pendant votre s\u00e9jour.<br \/>Grands studios de 57 m\u00b2 tr\u00e8s lumineux, enti\u00e8rement \u00e9quip\u00e9s, balcon avec vue sur la for\u00eat.<\/p><\/div><div dir=\"ltr\">A pied, \u00e0 v\u00e9lo ou en voiture, les thermes sont \u00e0 quelques minutes.<\/div><div dir=\"ltr\">Nouvelle d\u00e9coration, nouveau style, c&#8217;est un nouvel air qui souffle sur Florival.<\/div><div dir=\"ltr\">Caroline et toute l&#8217;\u00e9quipe d&#8217;Air des Vosges vous y attendent.\u00a0<\/div><div dir=\"ltr\">\u00a0<\/div>\t\t\t\t\t\t\t\t<\/div>\n\t\t\t\t<\/div>\n\t\t\t\t\t<\/div>\n\t\t\t\t<\/div>\n\t\t<div class=\"elementor-element elementor-element-64f9260 e-flex e-con-boxed e-con e-parent\" data-id=\"64f9260\" data-element_type=\"container\">\n\t\t\t\t\t<div class=\"e-con-inner\">\n\t\t<div class=\"elementor-element elementor-element-814b3cb e-con-full e-flex e-con e-child\" data-id=\"814b3cb\" data-element_type=\"container\">\n\t\t\t\t<\/div>\n\t\t<div class=\"elementor-element elementor-element-1b346ec e-con-full e-flex e-con e-child\" data-id=\"1b346ec\" data-element_type=\"container\">\n\t\t\t\t<div class=\"elementor-element elementor-element-0cf5922 elementor-arrows-position-outside elementor-pagination-position-outside elementor-widget elementor-widget-image-carousel\" data-id=\"0cf5922\" data-element_type=\"widget\" data-settings=\"{&quot;slides_to_show&quot;:&quot;1&quot;,&quot;navigation&quot;:&quot;both&quot;,&quot;autoplay&quot;:&quot;yes&quot;,&quot;pause_on_hover&quot;:&quot;yes&quot;,&quot;pause_on_interaction&quot;:&quot;yes&quot;,&quot;autoplay_speed&quot;:5000,&quot;infinite&quot;:&quot;yes&quot;,&quot;effect&quot;:&quot;slide&quot;,&quot;speed&quot;:500}\" data-widget_type=\"image-carousel.default\">\n\t\t\t\t<div class=\"elementor-widget-container\">\n\t\t\t\t\t\t\t<div class=\"elementor-image-carousel-wrapper swiper\" role=\"region\" aria-roledescription=\"carousel\" aria-label=\"Bild Karussell\" dir=\"ltr\">\n\t\t\t<div class=\"elementor-image-carousel swiper-wrapper\" aria-live=\"off\">\n\t\t\t\t\t\t\t\t<div class=\"swiper-slide\" role=\"group\" aria-roledescription=\"slide\" aria-label=\"1 von 23\"><figure class=\"swiper-slide-inner\"><img decoding=\"async\" class=\"swiper-slide-image\" src=\"http:\/\/airdesvosges.fr\/wp-content\/uploads\/2024\/05\/Florival_Batiment-300x225.jpeg\" alt=\"Florival_Batiment\" \/><\/figure><\/div><div class=\"swiper-slide\" role=\"group\" aria-roledescription=\"slide\" aria-label=\"2 von 23\"><figure class=\"swiper-slide-inner\"><img decoding=\"async\" class=\"swiper-slide-image\" src=\"http:\/\/airdesvosges.fr\/wp-content\/uploads\/2024\/05\/petitcafe-225x300.jpeg\" alt=\"petitcafe\" \/><\/figure><\/div><div class=\"swiper-slide\" role=\"group\" aria-roledescription=\"slide\" aria-label=\"3 von 23\"><figure class=\"swiper-slide-inner\"><img decoding=\"async\" class=\"swiper-slide-image\" src=\"http:\/\/airdesvosges.fr\/wp-content\/uploads\/2025\/01\/Grundriss-300x234.webp\" alt=\"Grundriss\" \/><\/figure><\/div><div class=\"swiper-slide\" role=\"group\" aria-roledescription=\"slide\" aria-label=\"4 von 23\"><figure class=\"swiper-slide-inner\"><img decoding=\"async\" class=\"swiper-slide-image\" src=\"http:\/\/airdesvosges.fr\/wp-content\/uploads\/2025\/01\/BalkonGlaeser-169x300.webp\" alt=\"BalkonGl\u00e4ser\" \/><\/figure><\/div><div class=\"swiper-slide\" role=\"group\" aria-roledescription=\"slide\" aria-label=\"5 von 23\"><figure class=\"swiper-slide-inner\"><img decoding=\"async\" class=\"swiper-slide-image\" src=\"http:\/\/airdesvosges.fr\/wp-content\/uploads\/2025\/01\/Balkonschraeg-300x169.webp\" alt=\"Balkonschr\u00e4g\" \/><\/figure><\/div><div class=\"swiper-slide\" role=\"group\" aria-roledescription=\"slide\" aria-label=\"6 von 23\"><figure class=\"swiper-slide-inner\"><img decoding=\"async\" class=\"swiper-slide-image\" src=\"http:\/\/airdesvosges.fr\/wp-content\/uploads\/2025\/01\/Balkon-225x300.webp\" alt=\"Balkon\" \/><\/figure><\/div><div class=\"swiper-slide\" role=\"group\" aria-roledescription=\"slide\" aria-label=\"7 von 23\"><figure class=\"swiper-slide-inner\"><img decoding=\"async\" class=\"swiper-slide-image\" src=\"http:\/\/airdesvosges.fr\/wp-content\/uploads\/2025\/01\/KuechegrosseLampe-225x300.webp\" alt=\"K\u00fcchegro\u00dfeLampe\" \/><\/figure><\/div><div class=\"swiper-slide\" role=\"group\" aria-roledescription=\"slide\" aria-label=\"8 von 23\"><figure class=\"swiper-slide-inner\"><img decoding=\"async\" class=\"swiper-slide-image\" src=\"http:\/\/airdesvosges.fr\/wp-content\/uploads\/2025\/01\/KuechegrosseLampefern-169x300.webp\" alt=\"K\u00fcchegro\u00dfeLampefern\" \/><\/figure><\/div><div class=\"swiper-slide\" role=\"group\" aria-roledescription=\"slide\" aria-label=\"9 von 23\"><figure class=\"swiper-slide-inner\"><img decoding=\"async\" class=\"swiper-slide-image\" src=\"http:\/\/airdesvosges.fr\/wp-content\/uploads\/2025\/01\/KuecheWaschmaschine-300x210.webp\" alt=\"K\u00fccheWaschmaschine\" \/><\/figure><\/div><div class=\"swiper-slide\" role=\"group\" aria-roledescription=\"slide\" aria-label=\"10 von 23\"><figure class=\"swiper-slide-inner\"><img decoding=\"async\" class=\"swiper-slide-image\" src=\"http:\/\/airdesvosges.fr\/wp-content\/uploads\/2024\/03\/IMG_1200-225x300.jpeg\" alt=\"IMG_1200\" \/><\/figure><\/div><div class=\"swiper-slide\" role=\"group\" aria-roledescription=\"slide\" aria-label=\"11 von 23\"><figure class=\"swiper-slide-inner\"><img decoding=\"async\" class=\"swiper-slide-image\" src=\"http:\/\/airdesvosges.fr\/wp-content\/uploads\/2025\/01\/Fernseher-225x300.webp\" alt=\"Fernseher\" \/><\/figure><\/div><div class=\"swiper-slide\" role=\"group\" aria-roledescription=\"slide\" aria-label=\"12 von 23\"><figure class=\"swiper-slide-inner\"><img decoding=\"async\" class=\"swiper-slide-image\" src=\"http:\/\/airdesvosges.fr\/wp-content\/uploads\/2025\/01\/Sitzecke-225x300.webp\" alt=\"Sitzecke\" \/><\/figure><\/div><div class=\"swiper-slide\" role=\"group\" aria-roledescription=\"slide\" aria-label=\"13 von 23\"><figure class=\"swiper-slide-inner\"><img decoding=\"async\" class=\"swiper-slide-image\" src=\"http:\/\/airdesvosges.fr\/wp-content\/uploads\/2025\/01\/Wohnzimmer-225x300.webp\" alt=\"Wohnzimmer\" \/><\/figure><\/div><div class=\"swiper-slide\" role=\"group\" aria-roledescription=\"slide\" aria-label=\"14 von 23\"><figure class=\"swiper-slide-inner\"><img decoding=\"async\" class=\"swiper-slide-image\" src=\"http:\/\/airdesvosges.fr\/wp-content\/uploads\/2025\/01\/Wohnzimmer2-225x300.webp\" alt=\"Wohnzimmer2\" \/><\/figure><\/div><div class=\"swiper-slide\" role=\"group\" aria-roledescription=\"slide\" aria-label=\"15 von 23\"><figure class=\"swiper-slide-inner\"><img decoding=\"async\" class=\"swiper-slide-image\" src=\"http:\/\/airdesvosges.fr\/wp-content\/uploads\/2025\/01\/Bett-225x300.webp\" alt=\"Bett\" \/><\/figure><\/div><div class=\"swiper-slide\" role=\"group\" aria-roledescription=\"slide\" aria-label=\"16 von 23\"><figure class=\"swiper-slide-inner\"><img decoding=\"async\" class=\"swiper-slide-image\" src=\"http:\/\/airdesvosges.fr\/wp-content\/uploads\/2025\/01\/Bettnah-225x300.webp\" alt=\"Bettnah\" \/><\/figure><\/div><div class=\"swiper-slide\" role=\"group\" aria-roledescription=\"slide\" aria-label=\"17 von 23\"><figure class=\"swiper-slide-inner\"><img decoding=\"async\" class=\"swiper-slide-image\" src=\"http:\/\/airdesvosges.fr\/wp-content\/uploads\/2025\/01\/Jopfkissen-225x300.webp\" alt=\"Jopfkissen\" \/><\/figure><\/div><div class=\"swiper-slide\" role=\"group\" aria-roledescription=\"slide\" aria-label=\"18 von 23\"><figure class=\"swiper-slide-inner\"><img decoding=\"async\" class=\"swiper-slide-image\" src=\"http:\/\/airdesvosges.fr\/wp-content\/uploads\/2025\/01\/Klim-225x300.webp\" alt=\"Klim\" \/><\/figure><\/div><div class=\"swiper-slide\" role=\"group\" aria-roledescription=\"slide\" aria-label=\"19 von 23\"><figure class=\"swiper-slide-inner\"><img decoding=\"async\" class=\"swiper-slide-image\" src=\"http:\/\/airdesvosges.fr\/wp-content\/uploads\/2025\/01\/Flur-169x300.webp\" alt=\"Flur\" \/><\/figure><\/div><div class=\"swiper-slide\" role=\"group\" aria-roledescription=\"slide\" aria-label=\"20 von 23\"><figure class=\"swiper-slide-inner\"><img decoding=\"async\" class=\"swiper-slide-image\" src=\"http:\/\/airdesvosges.fr\/wp-content\/uploads\/2025\/01\/Flureingang-225x300.webp\" alt=\"Flureingang\" \/><\/figure><\/div><div class=\"swiper-slide\" role=\"group\" aria-roledescription=\"slide\" aria-label=\"21 von 23\"><figure class=\"swiper-slide-inner\"><img decoding=\"async\" class=\"swiper-slide-image\" src=\"http:\/\/airdesvosges.fr\/wp-content\/uploads\/2025\/01\/Badezimmer-220x300.webp\" alt=\"Badezimmer\" \/><\/figure><\/div><div class=\"swiper-slide\" role=\"group\" aria-roledescription=\"slide\" aria-label=\"22 von 23\"><figure class=\"swiper-slide-inner\"><img decoding=\"async\" class=\"swiper-slide-image\" src=\"http:\/\/airdesvosges.fr\/wp-content\/uploads\/2025\/01\/Badezimmer_Heizkoerper-169x300.webp\" alt=\"Badezimmer_Heizk\u00f6rper\" \/><\/figure><\/div><div class=\"swiper-slide\" role=\"group\" aria-roledescription=\"slide\" aria-label=\"23 von 23\"><figure class=\"swiper-slide-inner\"><img decoding=\"async\" class=\"swiper-slide-image\" src=\"http:\/\/airdesvosges.fr\/wp-content\/uploads\/2025\/01\/Dusche-277x300.webp\" alt=\"Dusche\" \/><\/figure><\/div>\t\t\t<\/div>\n\t\t\t\t\t\t\t\t\t\t\t\t<div class=\"elementor-swiper-button elementor-swiper-button-prev\" role=\"button\" tabindex=\"0\">\n\t\t\t\t\t\t<svg aria-hidden=\"true\" class=\"e-font-icon-svg e-eicon-chevron-left\" viewBox=\"0 0 1000 1000\" xmlns=\"http:\/\/www.w3.org\/2000\/svg\"><path d=\"M646 125C629 125 613 133 604 142L308 442C296 454 292 471 292 487 292 504 296 521 308 533L604 854C617 867 629 875 646 875 663 875 679 871 692 858 704 846 713 829 713 812 713 796 708 779 692 767L438 487 692 225C700 217 708 204 708 187 708 171 704 154 692 142 675 129 663 125 646 125Z\"><\/path><\/svg>\t\t\t\t\t<\/div>\n\t\t\t\t\t<div class=\"elementor-swiper-button elementor-swiper-button-next\" role=\"button\" tabindex=\"0\">\n\t\t\t\t\t\t<svg aria-hidden=\"true\" class=\"e-font-icon-svg e-eicon-chevron-right\" viewBox=\"0 0 1000 1000\" xmlns=\"http:\/\/www.w3.org\/2000\/svg\"><path d=\"M696 533C708 521 713 504 713 487 713 471 708 454 696 446L400 146C388 133 375 125 354 125 338 125 325 129 313 142 300 154 292 171 292 187 292 204 296 221 308 233L563 492 304 771C292 783 288 800 288 817 288 833 296 850 308 863 321 871 338 875 354 875 371 875 388 867 400 854L696 533Z\"><\/path><\/svg>\t\t\t\t\t<\/div>\n\t\t\t\t\n\t\t\t\t\t\t\t\t\t<div class=\"swiper-pagination\"><\/div>\n\t\t\t\t\t\t\t\t\t<\/div>\n\t\t\t\t\t\t<\/div>\n\t\t\t\t<\/div>\n\t\t\t\t<\/div>\n\t\t<div class=\"elementor-element elementor-element-f1ddf23 e-con-full e-flex e-con e-child\" data-id=\"f1ddf23\" data-element_type=\"container\">\n\t\t\t\t<\/div>\n\t\t\t\t\t<\/div>\n\t\t\t\t<\/div>\n\t\t<div class=\"elementor-element elementor-element-dfbec96 e-flex e-con-boxed e-con e-parent\" data-id=\"dfbec96\" data-element_type=\"container\">\n\t\t\t\t\t<div class=\"e-con-inner\">\n\t\t\t\t<div class=\"elementor-element elementor-element-c44c8f5 elementor-widget elementor-widget-text-editor\" data-id=\"c44c8f5\" data-element_type=\"widget\" data-widget_type=\"text-editor.default\">\n\t\t\t\t<div class=\"elementor-widget-container\">\n\t\t\t\t\t\t\t\t\t<div dir=\"ltr\">Description:<\/div><div dir=\"ltr\"><p>10 studios de 57m2<br \/>670 \u20ac les 3semaines<br \/>1,00 \u20ac taxe de s\u00e9jour par jour et par personne.<br \/>Forfait draps: 25 \u20ac.<br \/>Forfait m\u00e9nage: 40 \u20ac.<br \/>Forfait draps, serviettes et torchons: 35 \u20ac.<br \/>Pack sans souci: m\u00e9nage + draps, serviettes, torchons: 70 \u20ac.<\/p><p>2 studios de 35 m\u00b2.<\/p><\/div><div dir=\"ltr\">4 logements au rdc,<br \/>\u00a04 au 1er \u00e9tage,<\/div><div dir=\"ltr\">4 en 2 eme \u00e9tage.<\/div><div dir=\"ltr\">\u00a0<\/div><div dir=\"ltr\">Location de v\u00e9los<\/div><div dir=\"ltr\">\u00a0<\/div><div dir=\"ltr\">N&#8217;h\u00e9sitez \u00e0 t\u00e9l\u00e9phoner Caroline pour plus de renseignements.\u00a0<\/div>\t\t\t\t\t\t\t\t<\/div>\n\t\t\t\t<\/div>\n\t\t\t\t\t<\/div>\n\t\t\t\t<\/div>\n\t\t\t\t<\/div>\n\t\t","protected":false},"excerpt":{"rendered":"<p>Florival AIR DES VOSGES est d\u00e9sormais heureux de vous accueillir \u00e0 FLORIVAL, au domaine des Grands Pr\u00e9s.Situ\u00e9 en pleine nature, Florival est id\u00e9al pour se ressourcer pendant votre s\u00e9jour.Grands studios de 57 m\u00b2 tr\u00e8s lumineux, enti\u00e8rement \u00e9quip\u00e9s, balcon avec vue sur la for\u00eat. A pied, \u00e0 v\u00e9lo ou en voiture, les thermes sont \u00e0 quelques [&hellip;]<\/p>\n","protected":false},"author":1,"featured_media":0,"parent":0,"menu_order":0,"comment_status":"closed","ping_status":"closed","template":"","meta":{"site-sidebar-layout":"no-sidebar","site-content-layout":"","ast-site-content-layout":"full-width-container","site-content-style":"default","site-sidebar-style":"default","ast-global-header-display":"","ast-banner-title-visibility":"","ast-main-header-display":"","ast-hfb-above-header-display":"","ast-hfb-below-header-display":"","ast-hfb-mobile-header-display":"","site-post-title":"disabled","ast-breadcrumbs-content":"","ast-featured-img":"disabled","footer-sml-layout":"","ast-disable-related-posts":"","theme-transparent-header-meta":"","adv-header-id-meta":"","stick-header-meta":"","header-above-stick-meta":"","header-main-stick-meta":"","header-below-stick-meta":"","astra-migrate-meta-layouts":"default","ast-page-background-enabled":"default","ast-page-background-meta":{"desktop":{"background-color":"var(--ast-global-color-4)","background-image":"","background-repeat":"repeat","background-position":"center center","background-size":"auto","background-attachment":"scroll","background-type":"","background-media":"","overlay-type":"","overlay-color":"","overlay-opacity":"","overlay-gradient":""},"tablet":{"background-color":"","background-image":"","background-repeat":"repeat","background-position":"center center","background-size":"auto","background-attachment":"scroll","background-type":"","background-media":"","overlay-type":"","overlay-color":"","overlay-opacity":"","overlay-gradient":""},"mobile":{"background-color":"","background-image":"","background-repeat":"repeat","background-position":"center center","background-size":"auto","background-attachment":"scroll","background-type":"","background-media":"","overlay-type":"","overlay-color":"","overlay-opacity":"","overlay-gradient":""}},"ast-content-background-meta":{"desktop":{"background-color":"var(--ast-global-color-5)","background-image":"","background-repeat":"repeat","background-position":"center center","background-size":"auto","background-attachment":"scroll","background-type":"","background-media":"","overlay-type":"","overlay-color":"","overlay-opacity":"","overlay-gradient":""},"tablet":{"background-color":"var(--ast-global-color-5)","background-image":"","background-repeat":"repeat","background-position":"center center","background-size":"auto","background-attachment":"scroll","background-type":"","background-media":"","overlay-type":"","overlay-color":"","overlay-opacity":"","overlay-gradient":""},"mobile":{"background-color":"var(--ast-global-color-5)","background-image":"","background-repeat":"repeat","background-position":"center center","background-size":"auto","background-attachment":"scroll","background-type":"","background-media":"","overlay-type":"","overlay-color":"","overlay-opacity":"","overlay-gradient":""}},"footnotes":""},"_links":{"self":[{"href":"http:\/\/airdesvosges.fr\/index.php\/wp-json\/wp\/v2\/pages\/1392"}],"collection":[{"href":"http:\/\/airdesvosges.fr\/index.php\/wp-json\/wp\/v2\/pages"}],"about":[{"href":"http:\/\/airdesvosges.fr\/index.php\/wp-json\/wp\/v2\/types\/page"}],"author":[{"embeddable":true,"href":"http:\/\/airdesvosges.fr\/index.php\/wp-json\/wp\/v2\/users\/1"}],"replies":[{"embeddable":true,"href":"http:\/\/airdesvosges.fr\/index.php\/wp-json\/wp\/v2\/comments?post=1392"}],"version-history":[{"count":84,"href":"http:\/\/airdesvosges.fr\/index.php\/wp-json\/wp\/v2\/pages\/1392\/revisions"}],"predecessor-version":[{"id":1851,"href":"http:\/\/airdesvosges.fr\/index.php\/wp-json\/wp\/v2\/pages\/1392\/revisions\/1851"}],"wp:attachment":[{"href":"http:\/\/airdesvosges.fr\/index.php\/wp-json\/wp\/v2\/media?parent=1392"}],"curies":[{"name":"wp","href":"https:\/\/api.w.org\/{rel}","templated":true}]}}