{"id":1620,"date":"2024-08-02T08:18:06","date_gmt":"2024-08-02T06:18:06","guid":{"rendered":"http:\/\/airdesvosges.fr\/?page_id=1620"},"modified":"2024-08-04T08:34:56","modified_gmt":"2024-08-04T06:34:56","slug":"sorties","status":"publish","type":"page","link":"http:\/\/airdesvosges.fr\/index.php\/sorties\/","title":{"rendered":"Sorties"},"content":{"rendered":"\t\t<div data-elementor-type=\"wp-page\" data-elementor-id=\"1620\" class=\"elementor elementor-1620\">\n\t\t\t\t<div class=\"elementor-element elementor-element-7930408 e-flex e-con-boxed e-con e-parent\" data-id=\"7930408\" data-element_type=\"container\">\n\t\t\t\t\t<div class=\"e-con-inner\">\n\t\t\t\t<div class=\"elementor-element elementor-element-9e1d7e4 elementor-widget elementor-widget-spacer\" data-id=\"9e1d7e4\" data-element_type=\"widget\" data-widget_type=\"spacer.default\">\n\t\t\t\t<div class=\"elementor-widget-container\">\n\t\t\t\t\t\t\t<div class=\"elementor-spacer\">\n\t\t\t<div class=\"elementor-spacer-inner\"><\/div>\n\t\t<\/div>\n\t\t\t\t\t\t<\/div>\n\t\t\t\t<\/div>\n\t\t\t\t\t<\/div>\n\t\t\t\t<\/div>\n\t\t<div class=\"elementor-element elementor-element-ba5242a e-flex e-con-boxed e-con e-parent\" data-id=\"ba5242a\" data-element_type=\"container\">\n\t\t\t\t\t<div class=\"e-con-inner\">\n\t\t\t\t<div class=\"elementor-element elementor-element-d16d699 elementor-widget elementor-widget-heading\" data-id=\"d16d699\" data-element_type=\"widget\" data-widget_type=\"heading.default\">\n\t\t\t\t<div class=\"elementor-widget-container\">\n\t\t\t\t\t<h2 class=\"elementor-heading-title elementor-size-default\">Vos sorties<\/h2>\t\t\t\t<\/div>\n\t\t\t\t<\/div>\n\t\t\t\t\t<\/div>\n\t\t\t\t<\/div>\n\t\t<div class=\"elementor-element elementor-element-aad3274 e-flex e-con-boxed e-con e-parent\" data-id=\"aad3274\" data-element_type=\"container\">\n\t\t\t\t\t<div class=\"e-con-inner\">\n\t\t\t\t<div class=\"elementor-element elementor-element-5083773 elementor-widget-divider--view-line elementor-widget elementor-widget-divider\" data-id=\"5083773\" data-element_type=\"widget\" data-widget_type=\"divider.default\">\n\t\t\t\t<div class=\"elementor-widget-container\">\n\t\t\t\t\t\t\t<div class=\"elementor-divider\">\n\t\t\t<span class=\"elementor-divider-separator\">\n\t\t\t\t\t\t<\/span>\n\t\t<\/div>\n\t\t\t\t\t\t<\/div>\n\t\t\t\t<\/div>\n\t\t\t\t\t<\/div>\n\t\t\t\t<\/div>\n\t\t<div class=\"elementor-element elementor-element-14ba0e0 e-flex e-con-boxed e-con e-parent\" data-id=\"14ba0e0\" data-element_type=\"container\">\n\t\t\t\t\t<div class=\"e-con-inner\">\n\t\t\t\t<div class=\"elementor-element elementor-element-256626c elementor-widget elementor-widget-text-editor\" data-id=\"256626c\" data-element_type=\"widget\" data-widget_type=\"text-editor.default\">\n\t\t\t\t<div class=\"elementor-widget-container\">\n\t\t\t\t\t\t\t\t\t<p>Envie de sortir ?<\/p><p>Pour vous informer sur les f\u00eates, animations et \u00e9v\u00e9nements, plusieurs possibilit\u00e9s s&#8217;offrent \u00e0 vous:<\/p>\t\t\t\t\t\t\t\t<\/div>\n\t\t\t\t<\/div>\n\t\t\t\t\t<\/div>\n\t\t\t\t<\/div>\n\t\t<div class=\"elementor-element elementor-element-a55d03c e-flex e-con-boxed e-con e-parent\" data-id=\"a55d03c\" data-element_type=\"container\">\n\t\t\t\t\t<div class=\"e-con-inner\">\n\t\t\t\t<div class=\"elementor-element elementor-element-ed2e506 elementor-widget elementor-widget-text-editor\" data-id=\"ed2e506\" data-element_type=\"widget\" data-widget_type=\"text-editor.default\">\n\t\t\t\t<div class=\"elementor-widget-container\">\n\t\t\t\t\t\t\t\t\t<p><a href=\"https:\/\/www.facebook.com\/lavogelesbains\/\" target=\"_blank\" rel=\"noopener\">La page facebook de la commune<\/a><\/p><p><a href=\"https:\/\/www.facebook.com\/groups\/1422536651905507\/\" target=\"_blank\" rel=\"noopener\">La page facebook de la maison des jeunes et de la culture (MJC)<\/a><\/p><p>PanneauPocket<\/p><p><a href=\"https:\/\/www.lavogelesbains.fr\/\" target=\"_blank\" rel=\"noopener\">Le site de la commune<\/a><br \/>avec l&#8217;histoire et le patrimoine,<br \/>un annuaire complet des commerces, artisans, professionnels de sant\u00e9, <br \/>le programme cin\u00e9ma (onglet &#8222;votre s\u00e9jour&#8220;),<br \/>les \u00e9v\u00e9nements et manifestations.<\/p>\t\t\t\t\t\t\t\t<\/div>\n\t\t\t\t<\/div>\n\t\t\t\t\t<\/div>\n\t\t\t\t<\/div>\n\t\t\t\t<\/div>\n\t\t","protected":false},"excerpt":{"rendered":"<p>Vos sorties Envie de sortir ? Pour vous informer sur les f\u00eates, animations et \u00e9v\u00e9nements, plusieurs possibilit\u00e9s s&#8217;offrent \u00e0 vous: La page facebook de la commune La page facebook de la maison des jeunes et de la culture (MJC) PanneauPocket Le site de la communeavec l&#8217;histoire et le patrimoine,un annuaire complet des commerces, artisans, professionnels [&hellip;]<\/p>\n","protected":false},"author":1,"featured_media":0,"parent":0,"menu_order":0,"comment_status":"closed","ping_status":"closed","template":"","meta":{"site-sidebar-layout":"no-sidebar","site-content-layout":"","ast-site-content-layout":"full-width-container","site-content-style":"default","site-sidebar-style":"default","ast-global-header-display":"","ast-banner-title-visibility":"","ast-main-header-display":"","ast-hfb-above-header-display":"","ast-hfb-below-header-display":"","ast-hfb-mobile-header-display":"","site-post-title":"disabled","ast-breadcrumbs-content":"","ast-featured-img":"disabled","footer-sml-layout":"","ast-disable-related-posts":"","theme-transparent-header-meta":"","adv-header-id-meta":"","stick-header-meta":"","header-above-stick-meta":"","header-main-stick-meta":"","header-below-stick-meta":"","astra-migrate-meta-layouts":"default","ast-page-background-enabled":"default","ast-page-background-meta":{"desktop":{"background-color":"var(--ast-global-color-4)","background-image":"","background-repeat":"repeat","background-position":"center center","background-size":"auto","background-attachment":"scroll","background-type":"","background-media":"","overlay-type":"","overlay-color":"","overlay-opacity":"","overlay-gradient":""},"tablet":{"background-color":"","background-image":"","background-repeat":"repeat","background-position":"center center","background-size":"auto","background-attachment":"scroll","background-type":"","background-media":"","overlay-type":"","overlay-color":"","overlay-opacity":"","overlay-gradient":""},"mobile":{"background-color":"","background-image":"","background-repeat":"repeat","background-position":"center center","background-size":"auto","background-attachment":"scroll","background-type":"","background-media":"","overlay-type":"","overlay-color":"","overlay-opacity":"","overlay-gradient":""}},"ast-content-background-meta":{"desktop":{"background-color":"var(--ast-global-color-5)","background-image":"","background-repeat":"repeat","background-position":"center center","background-size":"auto","background-attachment":"scroll","background-type":"","background-media":"","overlay-type":"","overlay-color":"","overlay-opacity":"","overlay-gradient":""},"tablet":{"background-color":"var(--ast-global-color-5)","background-image":"","background-repeat":"repeat","background-position":"center center","background-size":"auto","background-attachment":"scroll","background-type":"","background-media":"","overlay-type":"","overlay-color":"","overlay-opacity":"","overlay-gradient":""},"mobile":{"background-color":"var(--ast-global-color-5)","background-image":"","background-repeat":"repeat","background-position":"center center","background-size":"auto","background-attachment":"scroll","background-type":"","background-media":"","overlay-type":"","overlay-color":"","overlay-opacity":"","overlay-gradient":""}},"footnotes":""},"_links":{"self":[{"href":"http:\/\/airdesvosges.fr\/index.php\/wp-json\/wp\/v2\/pages\/1620"}],"collection":[{"href":"http:\/\/airdesvosges.fr\/index.php\/wp-json\/wp\/v2\/pages"}],"about":[{"href":"http:\/\/airdesvosges.fr\/index.php\/wp-json\/wp\/v2\/types\/page"}],"author":[{"embeddable":true,"href":"http:\/\/airdesvosges.fr\/index.php\/wp-json\/wp\/v2\/users\/1"}],"replies":[{"embeddable":true,"href":"http:\/\/airdesvosges.fr\/index.php\/wp-json\/wp\/v2\/comments?post=1620"}],"version-history":[{"count":40,"href":"http:\/\/airdesvosges.fr\/index.php\/wp-json\/wp\/v2\/pages\/1620\/revisions"}],"predecessor-version":[{"id":1662,"href":"http:\/\/airdesvosges.fr\/index.php\/wp-json\/wp\/v2\/pages\/1620\/revisions\/1662"}],"wp:attachment":[{"href":"http:\/\/airdesvosges.fr\/index.php\/wp-json\/wp\/v2\/media?parent=1620"}],"curies":[{"name":"wp","href":"https:\/\/api.w.org\/{rel}","templated":true}]}}